{"id":2,"date":"2015-07-03T15:58:42","date_gmt":"2015-07-03T14:58:42","guid":{"rendered":"http:\/\/www.stichtingaltersecarnaval.nl\/wordpress\/?page_id=2"},"modified":"2016-01-19T16:56:05","modified_gmt":"2016-01-19T15:56:05","slug":"s-a-c","status":"publish","type":"page","link":"https:\/\/stichtingaltersecarnaval.nl\/wordpress\/s-a-c\/","title":{"rendered":"Structuur"},"content":{"rendered":"<div id=\"fb-root\"><\/div>\n<p><span style=\"color: #ff0000;\"><strong>Wad is d&#8217;n Stichting Alterse Carnaval?<\/strong><\/span><\/p>\n<p>Sins 1965 bestaot \u2019r op Altere \u2019n Stichting Alterse Carnaval.<\/p>\n<p><em>Dees stichtieng et as doel \u2019t bevordere van \u2019n vastelaovedviering in Bourgondiese geest. De stichtieng orgaoniseert hiervor deffrente bezigheje, zoas \u2019n Openingsbal, waorbij \u2019t nuuwe vastelaovedliedje bekend wor gemaokt; \u2019t inhaole van Prins Ambrosio mee z\u2019n gevolg op de Zaoterdag voor Asselewoestag, \u2019t orgaonisere van d\u2019n Alterse Optocht; \u2019t bezoeke van de zieke; \u2019t offiesjeel be\u00ebindige van de Vastelaoved op de Destag vor Asselewoestag en \u2019t, waor d\u00e0 kan, ondersteune van vastelaovedverenigienge op Altere, dikkels in de v\u00f6rm van balbezoeke. Did is nog mar \u2019n klein deel van de bezigheje van de stichtieng.<\/em><\/p>\n<p>De Stichting Alterse Carnaval bestaot uit de volgede onderdele:<\/p>\n<ul>\n<li>&#8217;t Bestuur<\/li>\n<li>De Kemmissies<\/li>\n<li>De Boereploeg.<\/li>\n<\/ul>\n<p><strong><span style=\"color: #ff0000;\">\u2019t Bestuur<\/span><\/strong><\/p>\n<p><img loading=\"lazy\" decoding=\"async\" data-attachment-id=\"552\" data-permalink=\"https:\/\/stichtingaltersecarnaval.nl\/wordpress\/s-a-c\/image-06-07-15-16_54\/\" data-orig-file=\"https:\/\/stichtingaltersecarnaval.nl\/wordpress\/wp-content\/uploads\/2015\/07\/image-06-07-15-16_54.jpeg\" data-orig-size=\"336,401\" data-comments-opened=\"0\" data-image-meta=\"{&quot;aperture&quot;:&quot;0&quot;,&quot;credit&quot;:&quot;&quot;,&quot;camera&quot;:&quot;&quot;,&quot;caption&quot;:&quot;&quot;,&quot;created_timestamp&quot;:&quot;0&quot;,&quot;copyright&quot;:&quot;&quot;,&quot;focal_length&quot;:&quot;0&quot;,&quot;iso&quot;:&quot;0&quot;,&quot;shutter_speed&quot;:&quot;0&quot;,&quot;title&quot;:&quot;&quot;,&quot;orientation&quot;:&quot;1&quot;}\" data-image-title=\"image-06-07-15-16_54\" data-image-description=\"\" data-image-caption=\"\" data-large-file=\"https:\/\/stichtingaltersecarnaval.nl\/wordpress\/wp-content\/uploads\/2015\/07\/image-06-07-15-16_54.jpeg\" class=\"aligncenter wp-image-552 size-full\" src=\"https:\/\/stichtingaltersecarnaval.nl\/wordpress\/wp-content\/uploads\/2015\/07\/image-06-07-15-16_54.jpeg\" alt=\"image-06-07-15-16_54\" width=\"1717\" height=\"2048\" srcset=\"https:\/\/stichtingaltersecarnaval.nl\/wordpress\/wp-content\/uploads\/2015\/07\/image-06-07-15-16_54.jpeg 336w, https:\/\/stichtingaltersecarnaval.nl\/wordpress\/wp-content\/uploads\/2015\/07\/image-06-07-15-16_54-251x300.jpeg 251w, https:\/\/stichtingaltersecarnaval.nl\/wordpress\/wp-content\/uploads\/2015\/07\/image-06-07-15-16_54-126x150.jpeg 126w, https:\/\/stichtingaltersecarnaval.nl\/wordpress\/wp-content\/uploads\/2015\/07\/image-06-07-15-16_54-26x31.jpeg 26w, https:\/\/stichtingaltersecarnaval.nl\/wordpress\/wp-content\/uploads\/2015\/07\/image-06-07-15-16_54-32x38.jpeg 32w, https:\/\/stichtingaltersecarnaval.nl\/wordpress\/wp-content\/uploads\/2015\/07\/image-06-07-15-16_54-180x215.jpeg 180w\" sizes=\"auto, (max-width: 1717px) 100vw, 1717px\" \/><\/p>\n<p>D\u00ec sprikt eigelijk vor z\u2019neige.\u00a0In \u2019t bestuur zitte de voorzitter, de sikretaoris en de penniengmeester.\u00a0Neffe d\u00ec drietal zijn in \u2019t bestuur ok de kemmissies van de stichtieng vertegenwoordigd in de v\u00f6rm van \u2019t kemmissiehoofd. Totaol komt d\u00e0 aontal bestuursleje dan op 7 stuks.<\/p>\n<p>\u2019t Bestuur vertegenwoordigt de stichtieng bij d\u2019offiesjele instanties, zoas bevobbeld de Gemeente Bergen op Zoom. Wijer et \u2019t bestuur \u2019t vertrouwe gekrege om bepaolde beslissienge (uuleke rap motte worre genome) in \u2019t belang van de Vastelaoved te neme. Zo veul as mar kan, worre beslissienge genome in overleg mee de vrijwullegers van de stichtieng, de leeje van de Spinolenraod.<\/p>\n<p><strong><span style=\"color: #ff0000;\">De Kemmissies<\/span><\/strong><\/p>\n<p>De Stichting Alterse Carnaval kent een vijftal kemmissies. Dees zijn:<\/p>\n<p>\u25d8 De Kemmissie Prottekol<br \/>\n\u25d8 De Technische Kemmissie<br \/>\n\u25d8 De Kemmissie Optocht<br \/>\n\u25d8 De Finansjele Kemmissie<br \/>\n\u25d8 BeTAC<\/p>\n<p><strong><span style=\"color: #ff0000;\">De Kemmissie Prottekol<\/span><\/strong><\/p>\n<p><img loading=\"lazy\" decoding=\"async\" data-attachment-id=\"2474\" data-permalink=\"https:\/\/stichtingaltersecarnaval.nl\/wordpress\/s-a-c\/ckf_sac_2015-poster_met_data\/\" data-orig-file=\"https:\/\/stichtingaltersecarnaval.nl\/wordpress\/wp-content\/uploads\/2015\/07\/CKF_SAC_2015-Poster_met_data.jpg\" data-orig-size=\"640,427\" data-comments-opened=\"0\" data-image-meta=\"{&quot;aperture&quot;:&quot;6.3&quot;,&quot;credit&quot;:&quot;Christian Keijsers Fotografie&quot;,&quot;camera&quot;:&quot;Canon EOS 6D&quot;,&quot;caption&quot;:&quot;&quot;,&quot;created_timestamp&quot;:&quot;1448799710&quot;,&quot;copyright&quot;:&quot;Christian Keijsers Fotografie&quot;,&quot;focal_length&quot;:&quot;48&quot;,&quot;iso&quot;:&quot;800&quot;,&quot;shutter_speed&quot;:&quot;0.008&quot;,&quot;title&quot;:&quot;&quot;,&quot;orientation&quot;:&quot;0&quot;}\" data-image-title=\"CKF_SAC_2015-Poster_met_data\" data-image-description=\"\" data-image-caption=\"\" data-large-file=\"https:\/\/stichtingaltersecarnaval.nl\/wordpress\/wp-content\/uploads\/2015\/07\/CKF_SAC_2015-Poster_met_data.jpg\" class=\"aligncenter wp-image-2474 size-full\" src=\"https:\/\/stichtingaltersecarnaval.nl\/wordpress\/wp-content\/uploads\/2015\/07\/CKF_SAC_2015-Poster_met_data.jpg\" alt=\"CKF_SAC_2015-Poster_met_data\" width=\"640\" height=\"427\" srcset=\"https:\/\/stichtingaltersecarnaval.nl\/wordpress\/wp-content\/uploads\/2015\/07\/CKF_SAC_2015-Poster_met_data.jpg 640w, https:\/\/stichtingaltersecarnaval.nl\/wordpress\/wp-content\/uploads\/2015\/07\/CKF_SAC_2015-Poster_met_data-300x200.jpg 300w, https:\/\/stichtingaltersecarnaval.nl\/wordpress\/wp-content\/uploads\/2015\/07\/CKF_SAC_2015-Poster_met_data-450x300.jpg 450w, https:\/\/stichtingaltersecarnaval.nl\/wordpress\/wp-content\/uploads\/2015\/07\/CKF_SAC_2015-Poster_met_data-150x100.jpg 150w, https:\/\/stichtingaltersecarnaval.nl\/wordpress\/wp-content\/uploads\/2015\/07\/CKF_SAC_2015-Poster_met_data-31x21.jpg 31w, https:\/\/stichtingaltersecarnaval.nl\/wordpress\/wp-content\/uploads\/2015\/07\/CKF_SAC_2015-Poster_met_data-38x25.jpg 38w, https:\/\/stichtingaltersecarnaval.nl\/wordpress\/wp-content\/uploads\/2015\/07\/CKF_SAC_2015-Poster_met_data-322x215.jpg 322w\" sizes=\"auto, (max-width: 640px) 100vw, 640px\" \/><\/p>\n<p>De Kemmissie Prottekol kunde wel de \u2019denktank\u2019 van de stichtieng noeme. Al venaf \u2019t begin is dees groep van persone aonwezig gewiest binnen de stichtieng. In eest instantie bestong dees groep uit de Prins, de Grootste Boer, de Nar en veldwachter LaForce.<\/p>\n<p>Laoter is de kemmissie &#8216;Prottekol&#8217; gaon hete en is in de loop d\u2019r tijd uitgebreid mee adjudant(e). Deze kemmissie spult de belangrijkste rol bij de carnevaleske invullieng van de Vastelaoved.<\/p>\n<p>Zo bedenkt dees kemmissie \u2019t motto. \u2019t Motto wor in overleg met de insienjeontwerper, Diego Terroba, bedocht en goedgekeurd. As \u2019t motto goedgekeurd is, wor aon \u2019n uitgeleze groep muzikante d\u2019opdracht gegeve om \u2019t carnevalsliedje te maoke. Neffe dees impertante zaoke z\u00f6rgt dees kemmissie ok vor d\u2019invullieng en ideeje vor \u2019t teneelstukske bij d\u2019n Intocht, \u2019t schrijve van stukskes vor de carnevalskrant, enz.<\/p>\n<p>Gezien d\u2019impertante taok van Prottekol is \u2019t noodzaokelijk d\u00e0 dees kemmissie regelmaotig vergaodert, w\u00e0 dan ok \u00e9\u00e9ns in de twee weke gebeurt.<\/p>\n<p>Vor \u2019n groot aontal zaoke die de kemmissie Prottekol bedenkt, zijn deffrente diengers nodig. Hier is dan \u2019n taok weggeleed vor de Technische Kemmissie.<\/p>\n<p><strong><span style=\"color: #ff0000;\">De Technische Kemmissie<\/span><\/strong><\/p>\n<p><img loading=\"lazy\" decoding=\"async\" data-attachment-id=\"1433\" data-permalink=\"https:\/\/stichtingaltersecarnaval.nl\/wordpress\/s-a-c\/pag17-technies\/\" data-orig-file=\"https:\/\/stichtingaltersecarnaval.nl\/wordpress\/wp-content\/uploads\/2015\/07\/Pag17-Technies.jpg\" data-orig-size=\"448,336\" data-comments-opened=\"0\" data-image-meta=\"{&quot;aperture&quot;:&quot;0&quot;,&quot;credit&quot;:&quot;&quot;,&quot;camera&quot;:&quot;&quot;,&quot;caption&quot;:&quot;&quot;,&quot;created_timestamp&quot;:&quot;0&quot;,&quot;copyright&quot;:&quot;&quot;,&quot;focal_length&quot;:&quot;0&quot;,&quot;iso&quot;:&quot;0&quot;,&quot;shutter_speed&quot;:&quot;0&quot;,&quot;title&quot;:&quot;&quot;,&quot;orientation&quot;:&quot;0&quot;}\" data-image-title=\"Pag17 &amp;#8211; Technies\" data-image-description=\"\" data-image-caption=\"\" data-large-file=\"https:\/\/stichtingaltersecarnaval.nl\/wordpress\/wp-content\/uploads\/2015\/07\/Pag17-Technies.jpg\" class=\"aligncenter wp-image-1433 size-full\" src=\"https:\/\/stichtingaltersecarnaval.nl\/wordpress\/wp-content\/uploads\/2015\/07\/Pag17-Technies.jpg\" alt=\"Pag17 - Technies\" width=\"448\" height=\"336\" srcset=\"https:\/\/stichtingaltersecarnaval.nl\/wordpress\/wp-content\/uploads\/2015\/07\/Pag17-Technies.jpg 448w, https:\/\/stichtingaltersecarnaval.nl\/wordpress\/wp-content\/uploads\/2015\/07\/Pag17-Technies-300x225.jpg 300w, https:\/\/stichtingaltersecarnaval.nl\/wordpress\/wp-content\/uploads\/2015\/07\/Pag17-Technies-400x300.jpg 400w, https:\/\/stichtingaltersecarnaval.nl\/wordpress\/wp-content\/uploads\/2015\/07\/Pag17-Technies-150x113.jpg 150w, https:\/\/stichtingaltersecarnaval.nl\/wordpress\/wp-content\/uploads\/2015\/07\/Pag17-Technies-31x23.jpg 31w, https:\/\/stichtingaltersecarnaval.nl\/wordpress\/wp-content\/uploads\/2015\/07\/Pag17-Technies-38x29.jpg 38w, https:\/\/stichtingaltersecarnaval.nl\/wordpress\/wp-content\/uploads\/2015\/07\/Pag17-Technies-287x215.jpg 287w\" sizes=\"auto, (max-width: 448px) 100vw, 448px\" \/><\/p>\n<p>In het begin waar \u2019n ielk lid van de stichtieng warkzaam binne dees kemmissie. Vanweges de kleine groep persone waoruit de stichting bestong, moes did ok wel.\u00a0Ook de evolutie van de technische commissie \u00e8 niet stil gestaon. Tegeswoorig is de kemmissie gevestigd in \u2019n eige loods op \u2019t industrieterrein van Altere. Taoke van impertansie zijn: \u2019t onderhouwe en vervaordige van \u2019t rijend matriaol van de stichtieng en \u2019t bouwe van decors en aonverwante diengers vor de vastelaovedviering.<\/p>\n<p>A ge \u2019t waogepark (brandweerwaoge, prinsenwaoge en sgooiwaoge) van de stichtieng bekekt, ist \u2019r wark genogt vor de kemmissie. D\u00ec waogepark mot naomelijk goed worre onderhouwe, zod\u00e0 \u2019t ok ielk jaor wir mee kan rije in o.a. d\u2019n Optocht. Vor d\u2019n Optocht komme me dan vanzelvers bij de kemmissie die hiervor verantwoordelijk is.<\/p>\n<p><strong><span style=\"color: #ff0000;\">Kemmissie Optocht<\/span><\/strong><\/p>\n<p><img loading=\"lazy\" decoding=\"async\" data-attachment-id=\"107\" data-permalink=\"https:\/\/stichtingaltersecarnaval.nl\/wordpress\/s-a-c\/ckf_sac_optocht_2015-5085\/\" data-orig-file=\"https:\/\/stichtingaltersecarnaval.nl\/wordpress\/wp-content\/uploads\/2015\/07\/CKF_SAC_OPTOCHT_2015-5085-e1437144782215.jpg\" data-orig-size=\"1024,1536\" data-comments-opened=\"0\" data-image-meta=\"{&quot;aperture&quot;:&quot;0&quot;,&quot;credit&quot;:&quot;&quot;,&quot;camera&quot;:&quot;&quot;,&quot;caption&quot;:&quot;&quot;,&quot;created_timestamp&quot;:&quot;0&quot;,&quot;copyright&quot;:&quot;&quot;,&quot;focal_length&quot;:&quot;0&quot;,&quot;iso&quot;:&quot;0&quot;,&quot;shutter_speed&quot;:&quot;0&quot;,&quot;title&quot;:&quot;&quot;,&quot;orientation&quot;:&quot;0&quot;}\" data-image-title=\"CKF_SAC_OPTOCHT_2015-5085\" data-image-description=\"\" data-image-caption=\"\" data-large-file=\"https:\/\/stichtingaltersecarnaval.nl\/wordpress\/wp-content\/uploads\/2015\/07\/CKF_SAC_OPTOCHT_2015-5085-e1437144782215-683x1024.jpg\" class=\" wp-image-107 aligncenter\" src=\"https:\/\/stichtingaltersecarnaval.nl\/wordpress\/wp-content\/uploads\/2015\/07\/CKF_SAC_OPTOCHT_2015-5085-200x300.jpg\" alt=\"CKF_SAC_OPTOCHT_2015-5085\" width=\"285\" height=\"419\" \/><\/p>\n<p>Ok hier gel wir dat in \u2019t begin van de stichtieng \u2019n ielk \u2019n deel van d\u2019 optochtorgaonisaosie dee.\u00a0Laoter is d\u00ec \u2019n zelfstandige groep geworre. Vanweges d\u2019uitbreijing van de bezigheje van de stichtieng, zoas \u2019n altij mar groter worrenden Intocht, waar d\u00ec nodig ok. \u2019n Vastelaoved , zoas me die nou kenne, is nie mir mee \u2019n kleine groep mense t\u2019orgaonisere.<\/p>\n<p>Impertante taoke van de kemmissie optocht zijn: \u2019t afsluite van contracte vor de Intocht en Optocht; \u2019t bezoeke van de deffrente bouwclubs; \u2019t op een sjuuste menier opstelle van de Intocht en Optocht; \u2019t verz\u00f6rge van \u2019n sjuust reglement en netuurlijk tijdes d\u2019optocht-daoge zelf d\u2019rvor z\u00f6rge dat d\u2019optochte goed wor verreje.<\/p>\n<p>Vor veul hierbove genoemde zaoke is netuurlijk geld nodig; kek allenig mar naor \u2019t prijzegeld vor de prijsuitreiking van d\u2019Optocht.<\/p>\n<p>Hiervor wor gez\u00f6rgd deur de:<\/p>\n<p><strong><span style=\"color: #ff0000;\">Finansjele Kemmissie:<\/span><\/strong><\/p>\n<p><img loading=\"lazy\" decoding=\"async\" data-attachment-id=\"108\" data-permalink=\"https:\/\/stichtingaltersecarnaval.nl\/wordpress\/s-a-c\/zakdoeken\/\" data-orig-file=\"https:\/\/stichtingaltersecarnaval.nl\/wordpress\/wp-content\/uploads\/2015\/07\/Zakdoeken.jpg\" data-orig-size=\"800,533\" data-comments-opened=\"0\" data-image-meta=\"{&quot;aperture&quot;:&quot;4&quot;,&quot;credit&quot;:&quot;&quot;,&quot;camera&quot;:&quot;Canon EOS 300D DIGITAL&quot;,&quot;caption&quot;:&quot;&quot;,&quot;created_timestamp&quot;:&quot;1164151547&quot;,&quot;copyright&quot;:&quot;&quot;,&quot;focal_length&quot;:&quot;27&quot;,&quot;iso&quot;:&quot;400&quot;,&quot;shutter_speed&quot;:&quot;0.016666666666667&quot;,&quot;title&quot;:&quot;&quot;,&quot;orientation&quot;:&quot;1&quot;}\" data-image-title=\"Zakdoeken\" data-image-description=\"\" data-image-caption=\"\" data-large-file=\"https:\/\/stichtingaltersecarnaval.nl\/wordpress\/wp-content\/uploads\/2015\/07\/Zakdoeken.jpg\" class=\" wp-image-108 aligncenter\" src=\"https:\/\/stichtingaltersecarnaval.nl\/wordpress\/wp-content\/uploads\/2015\/07\/Zakdoeken-300x200.jpg\" alt=\"Zakdoeken\" width=\"419\" height=\"285\" srcset=\"https:\/\/stichtingaltersecarnaval.nl\/wordpress\/wp-content\/uploads\/2015\/07\/Zakdoeken-31x21.jpg 31w, https:\/\/stichtingaltersecarnaval.nl\/wordpress\/wp-content\/uploads\/2015\/07\/Zakdoeken-38x25.jpg 38w\" sizes=\"auto, (max-width: 419px) 100vw, 419px\" \/><\/p>\n<p>De finansjele kemmissie is in \u2019t begin ontstaon uit een aontal persone die gev\u00f6rmd wiere rommetom de penniengmeester. Zullie ondersteunde de penningmeester bij d\u2019orgaonisaosie van bezigheje die geld in het laodje brochte.<\/p>\n<p>Me denke dan aon de Huis-aon-huis-donneteursaksie, insienjeverkoop en in \u2019t verleje ok de vlooiemarte, de wip- en rikconcourse, enz., enz. Tot op de dag van vedaog is d\u00e0 nie verandert, mar mee d\u2019opmerking dat \u2019t aontal bezigheje flienk is uitgebreid.<\/p>\n<p><strong><span style=\"color: #ff0000;\">As l\u00e8ste hebbe me BeTAC<\/span><\/strong><\/p>\n<p>BeTAC staot vor \u2019<span style=\"color: #008000;\">Be<\/span>houd <span style=\"color: #008000;\">T<\/span>redisies <span style=\"color: #008000;\">A<\/span>lterse <span style=\"color: #008000;\">C<\/span>arnaval\u2019. Dees kemmissie bestaot allenig uit d\u2019ereleje van de Stichting Alterse Carnaval. D\u2019ereleje hebbe \u2019n kontrelerende taok. Zullie houwe in de gaote of d\u2019orgaonisaosie van d\u2019Alterse Vastelaoved wel volges de tredisies is en in de geest van d\u2019Alterse Vastelaoved.<\/p>\n<p><strong><span style=\"color: #ff0000;\">De Boereploeg<\/span><\/strong><\/p>\n<p><img loading=\"lazy\" decoding=\"async\" data-attachment-id=\"2475\" data-permalink=\"https:\/\/stichtingaltersecarnaval.nl\/wordpress\/s-a-c\/sac_2016_01_15\/\" data-orig-file=\"https:\/\/stichtingaltersecarnaval.nl\/wordpress\/wp-content\/uploads\/2015\/07\/SAC_2016_01_15.jpg\" data-orig-size=\"640,427\" data-comments-opened=\"0\" data-image-meta=\"{&quot;aperture&quot;:&quot;0&quot;,&quot;credit&quot;:&quot;Christian Keijsers Fotografie&quot;,&quot;camera&quot;:&quot;&quot;,&quot;caption&quot;:&quot;&quot;,&quot;created_timestamp&quot;:&quot;0&quot;,&quot;copyright&quot;:&quot;Christian Keijsers Fotografie&quot;,&quot;focal_length&quot;:&quot;0&quot;,&quot;iso&quot;:&quot;0&quot;,&quot;shutter_speed&quot;:&quot;0&quot;,&quot;title&quot;:&quot;&quot;,&quot;orientation&quot;:&quot;0&quot;}\" data-image-title=\"SAC_2016_01_15\" data-image-description=\"\" data-image-caption=\"\" data-large-file=\"https:\/\/stichtingaltersecarnaval.nl\/wordpress\/wp-content\/uploads\/2015\/07\/SAC_2016_01_15.jpg\" class=\"aligncenter wp-image-2475 size-full\" src=\"https:\/\/stichtingaltersecarnaval.nl\/wordpress\/wp-content\/uploads\/2015\/07\/SAC_2016_01_15.jpg\" alt=\"SAC_2016_01_15\" width=\"640\" height=\"427\" srcset=\"https:\/\/stichtingaltersecarnaval.nl\/wordpress\/wp-content\/uploads\/2015\/07\/SAC_2016_01_15.jpg 640w, https:\/\/stichtingaltersecarnaval.nl\/wordpress\/wp-content\/uploads\/2015\/07\/SAC_2016_01_15-300x200.jpg 300w, https:\/\/stichtingaltersecarnaval.nl\/wordpress\/wp-content\/uploads\/2015\/07\/SAC_2016_01_15-450x300.jpg 450w, https:\/\/stichtingaltersecarnaval.nl\/wordpress\/wp-content\/uploads\/2015\/07\/SAC_2016_01_15-150x100.jpg 150w, https:\/\/stichtingaltersecarnaval.nl\/wordpress\/wp-content\/uploads\/2015\/07\/SAC_2016_01_15-31x21.jpg 31w, https:\/\/stichtingaltersecarnaval.nl\/wordpress\/wp-content\/uploads\/2015\/07\/SAC_2016_01_15-38x25.jpg 38w, https:\/\/stichtingaltersecarnaval.nl\/wordpress\/wp-content\/uploads\/2015\/07\/SAC_2016_01_15-322x215.jpg 322w\" sizes=\"auto, (max-width: 640px) 100vw, 640px\" \/><\/p>\n<p>Alle leje van de Stichting Alterse Carnaval, en die warkzaam zijn in de deffrente kemmissies, v\u00f6rme saome de Boereploeg. Tijdes de Vastelaoved begeleije ze de Prins, mee z\u2019n gevolg, bij de deffrente feestelijkheje en z\u00f6rge saome mee \u2019m dat de Leut over Altere heerst.<\/p>","protected":false},"excerpt":{"rendered":"<p>Wad is d&#8217;n Stichting Alterse Carnaval? Sins 1965 bestaot \u2019r op Altere \u2019n Stichting Alterse Carnaval. Dees stichtieng et as doel \u2019t bevordere van \u2019n vastelaovedviering in Bourgondiese geest. De stichtieng orgaoniseert hiervor deffrente bezigheje, zoas \u2019n Openingsbal, waorbij \u2019t &hellip; <a href=\"https:\/\/stichtingaltersecarnaval.nl\/wordpress\/s-a-c\/\">Lees verder <span class=\"meta-nav\">&rarr;<\/span><\/a><\/p>\n","protected":false},"author":1,"featured_media":0,"parent":0,"menu_order":2,"comment_status":"closed","ping_status":"closed","template":"sidebar-page.php","meta":{"footnotes":""},"class_list":["post-2","page","type-page","status-publish","hentry"],"jetpack_shortlink":"https:\/\/wp.me\/P6UgeW-2","jetpack_sharing_enabled":true,"jetpack_likes_enabled":true,"_links":{"self":[{"href":"https:\/\/stichtingaltersecarnaval.nl\/wordpress\/wp-json\/wp\/v2\/pages\/2","targetHints":{"allow":["GET"]}}],"collection":[{"href":"https:\/\/stichtingaltersecarnaval.nl\/wordpress\/wp-json\/wp\/v2\/pages"}],"about":[{"href":"https:\/\/stichtingaltersecarnaval.nl\/wordpress\/wp-json\/wp\/v2\/types\/page"}],"author":[{"embeddable":true,"href":"https:\/\/stichtingaltersecarnaval.nl\/wordpress\/wp-json\/wp\/v2\/users\/1"}],"replies":[{"embeddable":true,"href":"https:\/\/stichtingaltersecarnaval.nl\/wordpress\/wp-json\/wp\/v2\/comments?post=2"}],"version-history":[{"count":22,"href":"https:\/\/stichtingaltersecarnaval.nl\/wordpress\/wp-json\/wp\/v2\/pages\/2\/revisions"}],"predecessor-version":[{"id":2478,"href":"https:\/\/stichtingaltersecarnaval.nl\/wordpress\/wp-json\/wp\/v2\/pages\/2\/revisions\/2478"}],"wp:attachment":[{"href":"https:\/\/stichtingaltersecarnaval.nl\/wordpress\/wp-json\/wp\/v2\/media?parent=2"}],"curies":[{"name":"wp","href":"https:\/\/api.w.org\/{rel}","templated":true}]}}