{"id":20708,"date":"2022-02-07T13:07:03","date_gmt":"2022-02-07T12:07:03","guid":{"rendered":"http:\/\/www.stichtingaltersecarnaval.nl\/?page_id=20708"},"modified":"2026-01-24T20:46:17","modified_gmt":"2026-01-24T19:46:17","slug":"nieuwe_liedje","status":"publish","type":"page","link":"https:\/\/stichtingaltersecarnaval.nl\/wordpress\/nieuwe_liedje\/","title":{"rendered":"Nuuwe Liejke"},"content":{"rendered":"<div id=\"fb-root\"><\/div>\n<p><\/p>\n<audio class=\"wp-audio-shortcode\" id=\"audio-20708-1\" preload=\"none\" style=\"width: 100%;\" controls=\"controls\"><source type=\"audio\/mpeg\" src=\"https:\/\/stichtingaltersecarnaval.nl\/wordpress\/wp-content\/uploads\/2026\/01\/2026%20-%20Me%20zitte%20gebakke.mp3?_=1\" \/><a href=\"https:\/\/stichtingaltersecarnaval.nl\/wordpress\/wp-content\/uploads\/2026\/01\/2026%20-%20Me%20zitte%20gebakke.mp3\">https:\/\/stichtingaltersecarnaval.nl\/wordpress\/wp-content\/uploads\/2026\/01\/2026%20-%20Me%20zitte%20gebakke.mp3<\/a><\/audio>\n<p style=\"text-align: center;\"><span style=\"font-size: 22pt;\"><strong>Me zitte gebakke!<\/strong><\/span><\/p>\n<p style=\"text-align: center;\"><strong>Refrein:<\/strong><br \/>Me gaon bakke, me gaon braaje<br \/>Me doen d\u00ec zonder akkenaaje<br \/>Veule kru\u00ecmmels d\u00e0 maokt &#8217;n heel brood<br \/>Gezonde vezels daorvan worde groot.<br \/>Me gaon sprienge, gaon zakke<br \/>Spi-nool, me zitte gebakke!<\/p>\n<p style=\"text-align: center;\"><strong>Couplet 1:<\/strong> <br \/>Meej kunst op Al-te-re zit &#8217;t goed<br \/>Sjovenisme zit in oons bloed<br \/>Luistert maor op d&#8217;n D\u00f6rpsstraot klienkt meziek<br \/>D\u00e0 gif sfeer aon &#8217;t wienkeled pebliek<br \/>Nee, ge hoefd oons d\u00f6rp nie uit te gaon<br \/>Want hier edde &#8217;t beste wienkelhart staon<\/p>\n<p style=\"text-align: center;\"><strong>Refrein<\/strong><\/p>\n<p style=\"text-align: center;\"><strong>Couplet 2:<\/strong> <br \/>Bakt d&#8217;n Hoogheid iets as Sjef gebak <br \/>Rijst de taort van de Nar meej gemak<br \/>Kan patisjee LaForce nie tege kritiek<br \/>Lest, d&#8217;n Grootste Boer kwiesienjee mee taktiek <br \/>Bij \u201cHeel Altere Bakt\u201c win d&#8217;n prijs<br \/>Want as beste kok raokte noot van de wijs<\/p>\n<p style=\"text-align: center;\"><strong>2 x refrein<\/strong><\/p>\n<p><img loading=\"lazy\" decoding=\"async\" data-attachment-id=\"21670\" data-permalink=\"https:\/\/stichtingaltersecarnaval.nl\/wordpress\/sac2026\/\" data-orig-file=\"https:\/\/stichtingaltersecarnaval.nl\/wordpress\/wp-content\/uploads\/2025\/11\/SAC2026-scaled.jpg\" data-orig-size=\"2560,2560\" data-comments-opened=\"0\" data-image-meta=\"{&quot;aperture&quot;:&quot;0&quot;,&quot;credit&quot;:&quot;&quot;,&quot;camera&quot;:&quot;&quot;,&quot;caption&quot;:&quot;&quot;,&quot;created_timestamp&quot;:&quot;0&quot;,&quot;copyright&quot;:&quot;&quot;,&quot;focal_length&quot;:&quot;0&quot;,&quot;iso&quot;:&quot;0&quot;,&quot;shutter_speed&quot;:&quot;0&quot;,&quot;title&quot;:&quot;&quot;,&quot;orientation&quot;:&quot;0&quot;}\" data-image-title=\"SAC2026\" data-image-description=\"\" data-image-caption=\"\" data-large-file=\"https:\/\/stichtingaltersecarnaval.nl\/wordpress\/wp-content\/uploads\/2025\/11\/SAC2026-1024x1024.jpg\" class=\"aligncenter wp-image-21670 size-medium\" src=\"https:\/\/stichtingaltersecarnaval.nl\/wordpress\/wp-content\/uploads\/2025\/11\/SAC2026-300x300.jpg\" alt=\"\" width=\"300\" height=\"300\" srcset=\"https:\/\/stichtingaltersecarnaval.nl\/wordpress\/wp-content\/uploads\/2025\/11\/SAC2026-300x300.jpg 300w, https:\/\/stichtingaltersecarnaval.nl\/wordpress\/wp-content\/uploads\/2025\/11\/SAC2026-1024x1024.jpg 1024w, https:\/\/stichtingaltersecarnaval.nl\/wordpress\/wp-content\/uploads\/2025\/11\/SAC2026-150x150.jpg 150w, https:\/\/stichtingaltersecarnaval.nl\/wordpress\/wp-content\/uploads\/2025\/11\/SAC2026-768x768.jpg 768w, https:\/\/stichtingaltersecarnaval.nl\/wordpress\/wp-content\/uploads\/2025\/11\/SAC2026-1536x1536.jpg 1536w, https:\/\/stichtingaltersecarnaval.nl\/wordpress\/wp-content\/uploads\/2025\/11\/SAC2026-2048x2048.jpg 2048w, https:\/\/stichtingaltersecarnaval.nl\/wordpress\/wp-content\/uploads\/2025\/11\/SAC2026-120x120.jpg 120w, https:\/\/stichtingaltersecarnaval.nl\/wordpress\/wp-content\/uploads\/2025\/11\/SAC2026-144x144.jpg 144w\" sizes=\"auto, (max-width: 300px) 100vw, 300px\" \/><\/p>\n<p style=\"text-align: center;\"><a class=\"maxbutton-33 maxbutton maxbutton-download-nuuwe-liejke\" href=\"https:\/\/stichtingaltersecarnaval.nl\/wordpress\/wp-content\/uploads\/2026\/01\/2026 - Me zitte gebakke.mp3\" download=\"\"><span class='mb-text'>Download Nuuwe Liejke<\/span><\/a><\/p>\n<p><\/p>","protected":false},"excerpt":{"rendered":"<p>Me zitte gebakke! Refrein:Me gaon bakke, me gaon braajeMe doen d\u00ec zonder akkenaajeVeule kru\u00ecmmels d\u00e0 maokt &#8217;n heel broodGezonde vezels daorvan worde groot.Me gaon sprienge, gaon zakkeSpi-nool, me zitte gebakke! Couplet 1: Meej kunst op Al-te-re zit &#8217;t goedSjovenisme zit &hellip; <a href=\"https:\/\/stichtingaltersecarnaval.nl\/wordpress\/nieuwe_liedje\/\">Lees verder <span class=\"meta-nav\">&rarr;<\/span><\/a><\/p>\n","protected":false},"author":1,"featured_media":0,"parent":0,"menu_order":0,"comment_status":"closed","ping_status":"closed","template":"sidebar-page.php","meta":{"footnotes":""},"class_list":["post-20708","page","type-page","status-publish","hentry"],"jetpack_shortlink":"https:\/\/wp.me\/P6UgeW-5o0","jetpack_sharing_enabled":true,"jetpack_likes_enabled":true,"_links":{"self":[{"href":"https:\/\/stichtingaltersecarnaval.nl\/wordpress\/wp-json\/wp\/v2\/pages\/20708","targetHints":{"allow":["GET"]}}],"collection":[{"href":"https:\/\/stichtingaltersecarnaval.nl\/wordpress\/wp-json\/wp\/v2\/pages"}],"about":[{"href":"https:\/\/stichtingaltersecarnaval.nl\/wordpress\/wp-json\/wp\/v2\/types\/page"}],"author":[{"embeddable":true,"href":"https:\/\/stichtingaltersecarnaval.nl\/wordpress\/wp-json\/wp\/v2\/users\/1"}],"replies":[{"embeddable":true,"href":"https:\/\/stichtingaltersecarnaval.nl\/wordpress\/wp-json\/wp\/v2\/comments?post=20708"}],"version-history":[{"count":13,"href":"https:\/\/stichtingaltersecarnaval.nl\/wordpress\/wp-json\/wp\/v2\/pages\/20708\/revisions"}],"predecessor-version":[{"id":21740,"href":"https:\/\/stichtingaltersecarnaval.nl\/wordpress\/wp-json\/wp\/v2\/pages\/20708\/revisions\/21740"}],"wp:attachment":[{"href":"https:\/\/stichtingaltersecarnaval.nl\/wordpress\/wp-json\/wp\/v2\/media?parent=20708"}],"curies":[{"name":"wp","href":"https:\/\/api.w.org\/{rel}","templated":true}]}}